{"id":50,"date":"2020-12-09T16:02:58","date_gmt":"2020-12-09T23:02:58","guid":{"rendered":"https:\/\/www.engr.colostate.edu\/faculty\/jchavez\/?page_id=50"},"modified":"2020-12-09T16:03:15","modified_gmt":"2020-12-09T23:03:15","slug":"contact","status":"publish","type":"page","link":"https:\/\/www.engr.colostate.edu\/faculty\/jchavez\/contact\/","title":{"rendered":"Contact"},"content":{"rendered":"\t\t<div data-elementor-type=\"wp-page\" data-elementor-id=\"50\" class=\"elementor elementor-50\">\n\t\t\t\t\t\t<section class=\"elementor-section elementor-top-section elementor-element elementor-element-0e082de elementor-section-boxed elementor-section-height-default elementor-section-height-default\" data-id=\"0e082de\" data-element_type=\"section\" data-e-type=\"section\">\n\t\t\t\t\t\t<div class=\"elementor-container elementor-column-gap-default\">\n\t\t\t\t\t<div class=\"elementor-column elementor-col-100 elementor-top-column elementor-element elementor-element-fae1a8d\" data-id=\"fae1a8d\" data-element_type=\"column\" data-e-type=\"column\">\n\t\t\t<div class=\"elementor-widget-wrap elementor-element-populated\">\n\t\t\t\t\t\t<div class=\"elementor-element elementor-element-802f40e elementor-widget elementor-widget-text-editor\" data-id=\"802f40e\" data-element_type=\"widget\" data-e-type=\"widget\" data-widget_type=\"text-editor.default\">\n\t\t\t\t<div class=\"elementor-widget-container\">\n\t\t\t\t\t\t\t\t\t<p><b>Jos\u00e9 L. Ch\u00e1vez, Ph.D.<\/b><\/p><p>Associate Professor and Irrigation Engineering Specialist<br \/>Department of Civil and Environmental Engineering<br \/>1372 Campus Delivery, Colorado State University<br \/>Fort Collins, CO 80523-1372<\/p><table><tbody><tr><td colspan=\"2\">Office # B210 in the Engineering Building<\/td><\/tr><tr><td width=\"100\">Office Phone:<\/td><td>(970) 491-6095<\/td><\/tr><tr><td>Fax:<\/td><td>(970) 491-7727<\/td><\/tr><tr><td>Email:<\/td><td>jose.chavez@colostate.edu<\/td><\/tr><\/tbody><\/table>\t\t\t\t\t\t\t\t<\/div>\n\t\t\t\t<\/div>\n\t\t\t\t\t<\/div>\n\t\t<\/div>\n\t\t\t\t\t<\/div>\n\t\t<\/section>\n\t\t\t\t<\/div>\n\t\t","protected":false},"excerpt":{"rendered":"<p>Jos\u00e9 L. Ch\u00e1vez, Ph.D. Associate Professor and Irrigation Engineering SpecialistDepartment of Civil and Environmental Engineering1372 Campus Delivery, Colorado State UniversityFort Collins, CO 80523-1372 Office # B210 in the Engineering Building Office Phone: (970) 491-6095 Fax: (970) 491-7727 Email: jose.chavez@colostate.edu<\/p>\n","protected":false},"author":1,"featured_media":0,"parent":0,"menu_order":0,"comment_status":"closed","ping_status":"closed","template":"page_nosidebar.php","meta":{"footnotes":""},"class_list":["post-50","page","type-page","status-publish","hentry"],"yoast_head":"<!-- This site is optimized with the Yoast SEO plugin v27.3 - https:\/\/yoast.com\/product\/yoast-seo-wordpress\/ -->\n<title>Contact - Dr. Jos\u00e9 Ch\u00e1vez<\/title>\n<meta name=\"robots\" content=\"index, follow, max-snippet:-1, max-image-preview:large, max-video-preview:-1\" \/>\n<link rel=\"canonical\" href=\"https:\/\/www.engr.colostate.edu\/faculty\/jchavez\/contact\/\" \/>\n<meta property=\"og:locale\" content=\"en_US\" \/>\n<meta property=\"og:type\" content=\"article\" \/>\n<meta property=\"og:title\" content=\"Contact - Dr. Jos\u00e9 Ch\u00e1vez\" \/>\n<meta property=\"og:description\" content=\"Jos\u00e9 L. Ch\u00e1vez, Ph.D. Associate Professor and Irrigation Engineering SpecialistDepartment of Civil and Environmental Engineering1372 Campus Delivery, Colorado State UniversityFort Collins, CO 80523-1372 Office # B210 in the Engineering Building Office Phone: (970) 491-6095 Fax: (970) 491-7727 Email: jose.chavez@colostate.edu\" \/>\n<meta property=\"og:url\" content=\"https:\/\/www.engr.colostate.edu\/faculty\/jchavez\/contact\/\" \/>\n<meta property=\"og:site_name\" content=\"Dr. Jos\u00e9 Ch\u00e1vez\" \/>\n<meta property=\"article:modified_time\" content=\"2020-12-09T23:03:15+00:00\" \/>\n<meta name=\"twitter:card\" content=\"summary_large_image\" \/>\n<script type=\"application\/ld+json\" class=\"yoast-schema-graph\">{\"@context\":\"https:\\\/\\\/schema.org\",\"@graph\":[{\"@type\":\"WebPage\",\"@id\":\"https:\\\/\\\/www.engr.colostate.edu\\\/faculty\\\/jchavez\\\/contact\\\/\",\"url\":\"https:\\\/\\\/www.engr.colostate.edu\\\/faculty\\\/jchavez\\\/contact\\\/\",\"name\":\"Contact - Dr. Jos\u00e9 Ch\u00e1vez\",\"isPartOf\":{\"@id\":\"https:\\\/\\\/www.engr.colostate.edu\\\/faculty\\\/jchavez\\\/#website\"},\"datePublished\":\"2020-12-09T23:02:58+00:00\",\"dateModified\":\"2020-12-09T23:03:15+00:00\",\"breadcrumb\":{\"@id\":\"https:\\\/\\\/www.engr.colostate.edu\\\/faculty\\\/jchavez\\\/contact\\\/#breadcrumb\"},\"inLanguage\":\"en-US\",\"potentialAction\":[{\"@type\":\"ReadAction\",\"target\":[\"https:\\\/\\\/www.engr.colostate.edu\\\/faculty\\\/jchavez\\\/contact\\\/\"]}]},{\"@type\":\"BreadcrumbList\",\"@id\":\"https:\\\/\\\/www.engr.colostate.edu\\\/faculty\\\/jchavez\\\/contact\\\/#breadcrumb\",\"itemListElement\":[{\"@type\":\"ListItem\",\"position\":1,\"name\":\"Home\",\"item\":\"https:\\\/\\\/www.engr.colostate.edu\\\/faculty\\\/jchavez\\\/\"},{\"@type\":\"ListItem\",\"position\":2,\"name\":\"Contact\"}]},{\"@type\":\"WebSite\",\"@id\":\"https:\\\/\\\/www.engr.colostate.edu\\\/faculty\\\/jchavez\\\/#website\",\"url\":\"https:\\\/\\\/www.engr.colostate.edu\\\/faculty\\\/jchavez\\\/\",\"name\":\"Dr. Jos\u00e9 Ch\u00e1vez\",\"description\":\"\",\"potentialAction\":[{\"@type\":\"SearchAction\",\"target\":{\"@type\":\"EntryPoint\",\"urlTemplate\":\"https:\\\/\\\/www.engr.colostate.edu\\\/faculty\\\/jchavez\\\/?s={search_term_string}\"},\"query-input\":{\"@type\":\"PropertyValueSpecification\",\"valueRequired\":true,\"valueName\":\"search_term_string\"}}],\"inLanguage\":\"en-US\"}]}<\/script>\n<!-- \/ Yoast SEO plugin. -->","yoast_head_json":{"title":"Contact - Dr. Jos\u00e9 Ch\u00e1vez","robots":{"index":"index","follow":"follow","max-snippet":"max-snippet:-1","max-image-preview":"max-image-preview:large","max-video-preview":"max-video-preview:-1"},"canonical":"https:\/\/www.engr.colostate.edu\/faculty\/jchavez\/contact\/","og_locale":"en_US","og_type":"article","og_title":"Contact - Dr. Jos\u00e9 Ch\u00e1vez","og_description":"Jos\u00e9 L. Ch\u00e1vez, Ph.D. Associate Professor and Irrigation Engineering SpecialistDepartment of Civil and Environmental Engineering1372 Campus Delivery, Colorado State UniversityFort Collins, CO 80523-1372 Office # B210 in the Engineering Building Office Phone: (970) 491-6095 Fax: (970) 491-7727 Email: jose.chavez@colostate.edu","og_url":"https:\/\/www.engr.colostate.edu\/faculty\/jchavez\/contact\/","og_site_name":"Dr. Jos\u00e9 Ch\u00e1vez","article_modified_time":"2020-12-09T23:03:15+00:00","twitter_card":"summary_large_image","schema":{"@context":"https:\/\/schema.org","@graph":[{"@type":"WebPage","@id":"https:\/\/www.engr.colostate.edu\/faculty\/jchavez\/contact\/","url":"https:\/\/www.engr.colostate.edu\/faculty\/jchavez\/contact\/","name":"Contact - Dr. Jos\u00e9 Ch\u00e1vez","isPartOf":{"@id":"https:\/\/www.engr.colostate.edu\/faculty\/jchavez\/#website"},"datePublished":"2020-12-09T23:02:58+00:00","dateModified":"2020-12-09T23:03:15+00:00","breadcrumb":{"@id":"https:\/\/www.engr.colostate.edu\/faculty\/jchavez\/contact\/#breadcrumb"},"inLanguage":"en-US","potentialAction":[{"@type":"ReadAction","target":["https:\/\/www.engr.colostate.edu\/faculty\/jchavez\/contact\/"]}]},{"@type":"BreadcrumbList","@id":"https:\/\/www.engr.colostate.edu\/faculty\/jchavez\/contact\/#breadcrumb","itemListElement":[{"@type":"ListItem","position":1,"name":"Home","item":"https:\/\/www.engr.colostate.edu\/faculty\/jchavez\/"},{"@type":"ListItem","position":2,"name":"Contact"}]},{"@type":"WebSite","@id":"https:\/\/www.engr.colostate.edu\/faculty\/jchavez\/#website","url":"https:\/\/www.engr.colostate.edu\/faculty\/jchavez\/","name":"Dr. Jos\u00e9 Ch\u00e1vez","description":"","potentialAction":[{"@type":"SearchAction","target":{"@type":"EntryPoint","urlTemplate":"https:\/\/www.engr.colostate.edu\/faculty\/jchavez\/?s={search_term_string}"},"query-input":{"@type":"PropertyValueSpecification","valueRequired":true,"valueName":"search_term_string"}}],"inLanguage":"en-US"}]}},"_links":{"self":[{"href":"https:\/\/www.engr.colostate.edu\/faculty\/jchavez\/wp-json\/wp\/v2\/pages\/50","targetHints":{"allow":["GET"]}}],"collection":[{"href":"https:\/\/www.engr.colostate.edu\/faculty\/jchavez\/wp-json\/wp\/v2\/pages"}],"about":[{"href":"https:\/\/www.engr.colostate.edu\/faculty\/jchavez\/wp-json\/wp\/v2\/types\/page"}],"author":[{"embeddable":true,"href":"https:\/\/www.engr.colostate.edu\/faculty\/jchavez\/wp-json\/wp\/v2\/users\/1"}],"replies":[{"embeddable":true,"href":"https:\/\/www.engr.colostate.edu\/faculty\/jchavez\/wp-json\/wp\/v2\/comments?post=50"}],"version-history":[{"count":4,"href":"https:\/\/www.engr.colostate.edu\/faculty\/jchavez\/wp-json\/wp\/v2\/pages\/50\/revisions"}],"predecessor-version":[{"id":54,"href":"https:\/\/www.engr.colostate.edu\/faculty\/jchavez\/wp-json\/wp\/v2\/pages\/50\/revisions\/54"}],"wp:attachment":[{"href":"https:\/\/www.engr.colostate.edu\/faculty\/jchavez\/wp-json\/wp\/v2\/media?parent=50"}],"curies":[{"name":"wp","href":"https:\/\/api.w.org\/{rel}","templated":true}]}}