{"id":16,"date":"2020-12-09T15:41:11","date_gmt":"2020-12-09T22:41:11","guid":{"rendered":"https:\/\/www.engr.colostate.edu\/faculty\/jchavez\/?page_id=16"},"modified":"2020-12-09T16:41:35","modified_gmt":"2020-12-09T23:41:35","slug":"classes","status":"publish","type":"page","link":"https:\/\/www.engr.colostate.edu\/faculty\/jchavez\/classes\/","title":{"rendered":"Classes"},"content":{"rendered":"\t\t<div data-elementor-type=\"wp-page\" data-elementor-id=\"16\" class=\"elementor elementor-16\">\n\t\t\t\t\t\t<section class=\"elementor-section elementor-top-section elementor-element elementor-element-d993bc9 elementor-section-boxed elementor-section-height-default elementor-section-height-default\" data-id=\"d993bc9\" data-element_type=\"section\" data-e-type=\"section\">\n\t\t\t\t\t\t<div class=\"elementor-container elementor-column-gap-default\">\n\t\t\t\t\t<div class=\"elementor-column elementor-col-100 elementor-top-column elementor-element elementor-element-d489101\" data-id=\"d489101\" data-element_type=\"column\" data-e-type=\"column\">\n\t\t\t<div class=\"elementor-widget-wrap elementor-element-populated\">\n\t\t\t\t\t\t<div class=\"elementor-element elementor-element-bd835b6 elementor-widget elementor-widget-text-editor\" data-id=\"bd835b6\" data-element_type=\"widget\" data-e-type=\"widget\" data-widget_type=\"text-editor.default\">\n\t\t\t\t<div class=\"elementor-widget-container\">\n\t\t\t\t\t\t\t\t\t<p>Dr. Ch\u00e1vez is an Associate Professor in the Civil and Environmental Engineering Department and an Irrigation Specialist with Extension at Colorado State University. He has teaching, research, and extension responsibilities. He teaches CIVE 512 Irrigation Systems Design, CIVE 519 Irrigation Water Management, CIVE 549 Drainage and Wetlands Engineering.<\/p><p class=\"subtitle\">Teaching: Classes Taught<\/p><table><tbody><tr><th>Year<\/th><th>Semester<\/th><th>Course No.<\/th><th>Credit Hrs.<\/th><\/tr><tr><td>2015<\/td><td>Spring<\/td><td>CIVE 549, Drainage and Wetlands Engineering<\/td><td>3<\/td><\/tr><tr><td>2015<\/td><td>Spring<\/td><td>CIVE 695J, Independent Study: Bioresources Agricultural Engineering (Evapotranspiration)<\/td><td>2<\/td><\/tr><tr><td>2014<\/td><td>Fall<\/td><td>CIVE 519, Irrigation Water Management<\/td><td>3<\/td><\/tr><tr><td>2014<\/td><td>Spring<\/td><td>CIVE 695J, Independent Study \u2013 Bioresources Agricultural Engineering (remote sensing of crop evapotranspiration)<\/td><td>3<\/td><\/tr><tr><td>2014<\/td><td>Spring<\/td><td>CIVE 512, Irrigation Systems Design<\/td><td>3<\/td><\/tr><tr><td>2013<\/td><td>Spring<\/td><td>CIVE 549, Drainage and Wetlands Engineering<\/td><td>3<\/td><\/tr><tr><td>2013<\/td><td>Fall<\/td><td>CIVE 519, Irrigation Water Management<\/td><td>3<\/td><\/tr><tr><td>2013<\/td><td>Fall<\/td><td>CIVE 525*<\/td><td>3<\/td><\/tr><tr><td>2012<\/td><td>Spring<\/td><td>CIVE 549, Drainage and Wetlands Engineering<\/td><td>3<\/td><\/tr><tr><td>2012<\/td><td>Fall<\/td><td>CIVE 512, Irrigation Systems Design<\/td><td>3<\/td><\/tr><tr><td>2012<\/td><td>Fall<\/td><td>CIVE 525*<\/td><td>3<\/td><\/tr><tr><td>2011<\/td><td>Fall<\/td><td>CIVE581A3, Irrigation Water Management<\/td><td>3<\/td><\/tr><tr><td>2010<\/td><td>Fall<\/td><td>CIVE 512, Irrigation Systems Design<\/td><td>3<\/td><\/tr><tr><td>2010<\/td><td>Fall<\/td><td>CIVE 525*<\/td><td>3<\/td><\/tr><tr><td>2010<\/td><td>Fall<\/td><td>CIVE 695J, Independent Study: Bioresources Agricultural Engineering (Irrigation water conservation)<\/td><td>2<\/td><\/tr><tr><td>\u00a0<\/td><\/tr><tr><td colspan=\"4\" align=\"center\"><i>*CIVE 525 &#8211; Water engineering for international development. This course was team taught. I was responsible for the last 25% of the content (4 weeks). It was an interdisciplinary course (i.e., water distribution 50%, sanitation 25%, and irrigation 25%)<\/i><\/td><\/tr><\/tbody><\/table><p class=\"subtitle\">Course Syllabi<\/p><p>Syllabi for CIVE 519, 512, and 549 are included below after a brief description of courses.<\/p><p><a href=\"https:\/\/www.engr.colostate.edu\/faculty\/jchavez\/wp-content\/uploads\/sites\/21\/2020\/12\/CIVE519_Syllabus_2014.pdf\" target=\"_blank\" rel=\"noopener\"><b>CIVE 519<\/b><\/a>\u00a0(Irrigation Water Management) is a graduate level course; both offered to resident and off-campus (distance program through CSU Online Plus) students. This course prepares the student to apply basic soil, plant, water, and atmospheric engineering principles for the purpose of determining the crop water need (use), or evapotranspiration (ET), both in time and amounts, to sustain agricultural production while protecting the environment. The course covers a range of methods and instrumentation available to determine ET (crop water requirements), irrigation scheduling, and effective water use, including remote sensing of ET.<\/p><p><a href=\"https:\/\/www.engr.colostate.edu\/faculty\/jchavez\/wp-content\/uploads\/sites\/21\/2020\/12\/CIVE512_Syllabus_2014.pdf\" target=\"_blank\" rel=\"noopener\"><b>CIVE 512<\/b><\/a>\u00a0(Irrigation Systems Design) is also a graduate level course offered to resident and distance students. This course provides an understanding of basic engineering principles and procedures which are necessary for the successful selection, design and operation of pressurized and surface (free flow) irrigation systems. This course was adapted\/updated from an existing course. New software for design and evaluation were introduced in the course program as well as problem exercises using MS Excel spreadsheets.<\/p><p><a href=\"https:\/\/www.engr.colostate.edu\/faculty\/jchavez\/wp-content\/uploads\/sites\/21\/2020\/12\/CIVE549_Syllabus_2014.pdf\" target=\"_blank\" rel=\"noopener\"><b>CIVE 549<\/b><\/a>\u00a0(Drainage and Wetlands Engineering) is also a graduate level course offered to resident and distance students. This course is a drainage and wetlands design program for agricultural and natural resources applications. The course addresses water table modification for nonpoint sources pollution control. This course was adapted\/updated from an existing course. A drainage software for design and evaluation was introduced in the course program as well as problem exercises using MS Excel spreadsheets.<\/p>\t\t\t\t\t\t\t\t<\/div>\n\t\t\t\t<\/div>\n\t\t\t\t\t<\/div>\n\t\t<\/div>\n\t\t\t\t\t<\/div>\n\t\t<\/section>\n\t\t\t\t<\/div>\n\t\t","protected":false},"excerpt":{"rendered":"<p>Dr. Ch\u00e1vez is an Associate Professor in the Civil and Environmental Engineering Department and an Irrigation Specialist with Extension at Colorado State University. He has teaching, research, and extension responsibilities. He teaches CIVE 512 Irrigation Systems Design, CIVE 519 Irrigation Water Management, CIVE 549 Drainage and Wetlands Engineering. Teaching: Classes Taught Year Semester Course No.<a class=\"read-more\" href=\"https:\/\/www.engr.colostate.edu\/faculty\/jchavez\/classes\/\">&#8230;Read more <\/a><\/p>\n","protected":false},"author":1,"featured_media":0,"parent":0,"menu_order":0,"comment_status":"closed","ping_status":"closed","template":"page_nosidebar.php","meta":{"footnotes":""},"class_list":["post-16","page","type-page","status-publish","hentry"],"yoast_head":"<!-- This site is optimized with the Yoast SEO plugin v27.3 - https:\/\/yoast.com\/product\/yoast-seo-wordpress\/ -->\n<title>Classes - Dr. Jos\u00e9 Ch\u00e1vez<\/title>\n<meta name=\"robots\" content=\"index, follow, max-snippet:-1, max-image-preview:large, max-video-preview:-1\" \/>\n<link rel=\"canonical\" href=\"https:\/\/www.engr.colostate.edu\/faculty\/jchavez\/classes\/\" \/>\n<meta property=\"og:locale\" content=\"en_US\" \/>\n<meta property=\"og:type\" content=\"article\" \/>\n<meta property=\"og:title\" content=\"Classes - Dr. Jos\u00e9 Ch\u00e1vez\" \/>\n<meta property=\"og:description\" content=\"Dr. Ch\u00e1vez is an Associate Professor in the Civil and Environmental Engineering Department and an Irrigation Specialist with Extension at Colorado State University. He has teaching, research, and extension responsibilities. He teaches CIVE 512 Irrigation Systems Design, CIVE 519 Irrigation Water Management, CIVE 549 Drainage and Wetlands Engineering. Teaching: Classes Taught Year Semester Course No....Read more\" \/>\n<meta property=\"og:url\" content=\"https:\/\/www.engr.colostate.edu\/faculty\/jchavez\/classes\/\" \/>\n<meta property=\"og:site_name\" content=\"Dr. Jos\u00e9 Ch\u00e1vez\" \/>\n<meta property=\"article:modified_time\" content=\"2020-12-09T23:41:35+00:00\" \/>\n<meta name=\"twitter:card\" content=\"summary_large_image\" \/>\n<meta name=\"twitter:label1\" content=\"Est. reading time\" \/>\n\t<meta name=\"twitter:data1\" content=\"2 minutes\" \/>\n<script type=\"application\/ld+json\" class=\"yoast-schema-graph\">{\"@context\":\"https:\\\/\\\/schema.org\",\"@graph\":[{\"@type\":\"WebPage\",\"@id\":\"https:\\\/\\\/www.engr.colostate.edu\\\/faculty\\\/jchavez\\\/classes\\\/\",\"url\":\"https:\\\/\\\/www.engr.colostate.edu\\\/faculty\\\/jchavez\\\/classes\\\/\",\"name\":\"Classes - Dr. Jos\u00e9 Ch\u00e1vez\",\"isPartOf\":{\"@id\":\"https:\\\/\\\/www.engr.colostate.edu\\\/faculty\\\/jchavez\\\/#website\"},\"datePublished\":\"2020-12-09T22:41:11+00:00\",\"dateModified\":\"2020-12-09T23:41:35+00:00\",\"breadcrumb\":{\"@id\":\"https:\\\/\\\/www.engr.colostate.edu\\\/faculty\\\/jchavez\\\/classes\\\/#breadcrumb\"},\"inLanguage\":\"en-US\",\"potentialAction\":[{\"@type\":\"ReadAction\",\"target\":[\"https:\\\/\\\/www.engr.colostate.edu\\\/faculty\\\/jchavez\\\/classes\\\/\"]}]},{\"@type\":\"BreadcrumbList\",\"@id\":\"https:\\\/\\\/www.engr.colostate.edu\\\/faculty\\\/jchavez\\\/classes\\\/#breadcrumb\",\"itemListElement\":[{\"@type\":\"ListItem\",\"position\":1,\"name\":\"Home\",\"item\":\"https:\\\/\\\/www.engr.colostate.edu\\\/faculty\\\/jchavez\\\/\"},{\"@type\":\"ListItem\",\"position\":2,\"name\":\"Classes\"}]},{\"@type\":\"WebSite\",\"@id\":\"https:\\\/\\\/www.engr.colostate.edu\\\/faculty\\\/jchavez\\\/#website\",\"url\":\"https:\\\/\\\/www.engr.colostate.edu\\\/faculty\\\/jchavez\\\/\",\"name\":\"Dr. Jos\u00e9 Ch\u00e1vez\",\"description\":\"\",\"potentialAction\":[{\"@type\":\"SearchAction\",\"target\":{\"@type\":\"EntryPoint\",\"urlTemplate\":\"https:\\\/\\\/www.engr.colostate.edu\\\/faculty\\\/jchavez\\\/?s={search_term_string}\"},\"query-input\":{\"@type\":\"PropertyValueSpecification\",\"valueRequired\":true,\"valueName\":\"search_term_string\"}}],\"inLanguage\":\"en-US\"}]}<\/script>\n<!-- \/ Yoast SEO plugin. -->","yoast_head_json":{"title":"Classes - Dr. Jos\u00e9 Ch\u00e1vez","robots":{"index":"index","follow":"follow","max-snippet":"max-snippet:-1","max-image-preview":"max-image-preview:large","max-video-preview":"max-video-preview:-1"},"canonical":"https:\/\/www.engr.colostate.edu\/faculty\/jchavez\/classes\/","og_locale":"en_US","og_type":"article","og_title":"Classes - Dr. Jos\u00e9 Ch\u00e1vez","og_description":"Dr. Ch\u00e1vez is an Associate Professor in the Civil and Environmental Engineering Department and an Irrigation Specialist with Extension at Colorado State University. He has teaching, research, and extension responsibilities. He teaches CIVE 512 Irrigation Systems Design, CIVE 519 Irrigation Water Management, CIVE 549 Drainage and Wetlands Engineering. Teaching: Classes Taught Year Semester Course No....Read more","og_url":"https:\/\/www.engr.colostate.edu\/faculty\/jchavez\/classes\/","og_site_name":"Dr. Jos\u00e9 Ch\u00e1vez","article_modified_time":"2020-12-09T23:41:35+00:00","twitter_card":"summary_large_image","twitter_misc":{"Est. reading time":"2 minutes"},"schema":{"@context":"https:\/\/schema.org","@graph":[{"@type":"WebPage","@id":"https:\/\/www.engr.colostate.edu\/faculty\/jchavez\/classes\/","url":"https:\/\/www.engr.colostate.edu\/faculty\/jchavez\/classes\/","name":"Classes - Dr. Jos\u00e9 Ch\u00e1vez","isPartOf":{"@id":"https:\/\/www.engr.colostate.edu\/faculty\/jchavez\/#website"},"datePublished":"2020-12-09T22:41:11+00:00","dateModified":"2020-12-09T23:41:35+00:00","breadcrumb":{"@id":"https:\/\/www.engr.colostate.edu\/faculty\/jchavez\/classes\/#breadcrumb"},"inLanguage":"en-US","potentialAction":[{"@type":"ReadAction","target":["https:\/\/www.engr.colostate.edu\/faculty\/jchavez\/classes\/"]}]},{"@type":"BreadcrumbList","@id":"https:\/\/www.engr.colostate.edu\/faculty\/jchavez\/classes\/#breadcrumb","itemListElement":[{"@type":"ListItem","position":1,"name":"Home","item":"https:\/\/www.engr.colostate.edu\/faculty\/jchavez\/"},{"@type":"ListItem","position":2,"name":"Classes"}]},{"@type":"WebSite","@id":"https:\/\/www.engr.colostate.edu\/faculty\/jchavez\/#website","url":"https:\/\/www.engr.colostate.edu\/faculty\/jchavez\/","name":"Dr. Jos\u00e9 Ch\u00e1vez","description":"","potentialAction":[{"@type":"SearchAction","target":{"@type":"EntryPoint","urlTemplate":"https:\/\/www.engr.colostate.edu\/faculty\/jchavez\/?s={search_term_string}"},"query-input":{"@type":"PropertyValueSpecification","valueRequired":true,"valueName":"search_term_string"}}],"inLanguage":"en-US"}]}},"_links":{"self":[{"href":"https:\/\/www.engr.colostate.edu\/faculty\/jchavez\/wp-json\/wp\/v2\/pages\/16","targetHints":{"allow":["GET"]}}],"collection":[{"href":"https:\/\/www.engr.colostate.edu\/faculty\/jchavez\/wp-json\/wp\/v2\/pages"}],"about":[{"href":"https:\/\/www.engr.colostate.edu\/faculty\/jchavez\/wp-json\/wp\/v2\/types\/page"}],"author":[{"embeddable":true,"href":"https:\/\/www.engr.colostate.edu\/faculty\/jchavez\/wp-json\/wp\/v2\/users\/1"}],"replies":[{"embeddable":true,"href":"https:\/\/www.engr.colostate.edu\/faculty\/jchavez\/wp-json\/wp\/v2\/comments?post=16"}],"version-history":[{"count":7,"href":"https:\/\/www.engr.colostate.edu\/faculty\/jchavez\/wp-json\/wp\/v2\/pages\/16\/revisions"}],"predecessor-version":[{"id":91,"href":"https:\/\/www.engr.colostate.edu\/faculty\/jchavez\/wp-json\/wp\/v2\/pages\/16\/revisions\/91"}],"wp:attachment":[{"href":"https:\/\/www.engr.colostate.edu\/faculty\/jchavez\/wp-json\/wp\/v2\/media?parent=16"}],"curies":[{"name":"wp","href":"https:\/\/api.w.org\/{rel}","templated":true}]}}